{"id":2511,"date":"2024-07-26T18:45:11","date_gmt":"2024-07-26T18:45:11","guid":{"rendered":"https:\/\/exstoso.com\/unsere-bedingungen\/"},"modified":"2025-03-27T10:04:33","modified_gmt":"2025-03-27T10:04:33","slug":"unsere-bedingungen","status":"publish","type":"page","link":"https:\/\/exstoso.com\/de\/unsere-bedingungen\/","title":{"rendered":"Unsere Bedingungen"},"content":{"rendered":"\t\t<div data-elementor-type=\"wp-page\" data-elementor-id=\"2511\" class=\"elementor elementor-2511 elementor-1597\">\n\t\t\t\t<div class=\"has_eae_slider elementor-element elementor-element-f0ab423 e-flex e-con-boxed e-con e-parent\" data-eae-slider=\"65274\" data-id=\"f0ab423\" data-element_type=\"container\">\n\t\t\t\t\t<div class=\"e-con-inner\">\n\t\t\t\t<div class=\"elementor-element elementor-element-45a25fb elementor-widget elementor-widget-text-editor\" data-id=\"45a25fb\" data-element_type=\"widget\" data-widget_type=\"text-editor.default\">\n\t\t\t\t<div class=\"elementor-widget-container\">\n\t\t\t\t\t\t\t\t\t<p><b>Allgemeine Gesch\u00e4ftsbedingungen*<\/b><\/p>\n<p><b>Verhaltensregeln*<\/b><\/p>\n<p><b>Zahlungsbedingungen*<\/b><\/p>\n<p><b>Buchungsbedingungen*<\/b><\/p>\n<p>* Wir sind noch dabei, die allgemeinen Buchungs- und Zahlungsbedingungen hinzuzuf\u00fcgen. Au\u00dferdem gibt es eine Reihe von Verhaltensregeln, die eine reibungslose und sichere Nutzung des Parkplatzes f\u00fcr alle Benutzer gew\u00e4hrleisten. Wenn Sie bei uns buchen, senden wir Ihnen alle Bedingungen zusammen mit dem Vertrag zu.<\/p>\n<p>Klicken Sie <a href=\"https:\/\/exstoso.com\/event\/\">hier<\/a>, um eine Reservierung vorzunehmen und mehr \u00fcber das Parken Ihres Fahrzeugs zu erfahren<\/p>\t\t\t\t\t\t\t\t<\/div>\n\t\t\t\t<\/div>\n\t\t\t\t\t<\/div>\n\t\t\t\t<\/div>\n\t\t\t\t<\/div>\n\t\t","protected":false},"excerpt":{"rendered":"<p>Allgemeine Gesch\u00e4ftsbedingungen* Verhaltensregeln* Zahlungsbedingungen* Buchungsbedingungen* * Wir sind noch dabei, die allgemeinen Buchungs- und Zahlungsbedingungen hinzuzuf\u00fcgen. Au\u00dferdem gibt es eine Reihe von Verhaltensregeln, die eine reibungslose und sichere Nutzung des Parkplatzes f\u00fcr alle Benutzer gew\u00e4hrleisten. Wenn Sie bei uns buchen, senden wir Ihnen alle Bedingungen zusammen mit dem Vertrag zu. Klicken Sie hier, um eine [&hellip;]<\/p>\n","protected":false},"author":1,"featured_media":0,"parent":0,"menu_order":4,"comment_status":"closed","ping_status":"closed","template":"","meta":{"_acf_changed":false,"footnotes":""},"class_list":["post-2511","page","type-page","status-publish","hentry"],"acf":[],"yoast_head":"<!-- This site is optimized with the Yoast SEO plugin v27.2 - https:\/\/yoast.com\/product\/yoast-seo-wordpress\/ -->\n<title>Unsere Bedingungen - Exstoso<\/title>\n<meta name=\"robots\" content=\"index, follow, max-snippet:-1, max-image-preview:large, max-video-preview:-1\" \/>\n<link rel=\"canonical\" href=\"https:\/\/exstoso.com\/de\/unsere-bedingungen\/\" \/>\n<meta property=\"og:locale\" content=\"de_DE\" \/>\n<meta property=\"og:type\" content=\"article\" \/>\n<meta property=\"og:title\" content=\"Unsere Bedingungen - Exstoso\" \/>\n<meta property=\"og:description\" content=\"Allgemeine Gesch\u00e4ftsbedingungen* Verhaltensregeln* Zahlungsbedingungen* Buchungsbedingungen* * Wir sind noch dabei, die allgemeinen Buchungs- und Zahlungsbedingungen hinzuzuf\u00fcgen. Au\u00dferdem gibt es eine Reihe von Verhaltensregeln, die eine reibungslose und sichere Nutzung des Parkplatzes f\u00fcr alle Benutzer gew\u00e4hrleisten. Wenn Sie bei uns buchen, senden wir Ihnen alle Bedingungen zusammen mit dem Vertrag zu. Klicken Sie hier, um eine [&hellip;]\" \/>\n<meta property=\"og:url\" content=\"https:\/\/exstoso.com\/de\/unsere-bedingungen\/\" \/>\n<meta property=\"og:site_name\" content=\"Exstoso\" \/>\n<meta property=\"article:modified_time\" content=\"2025-03-27T10:04:33+00:00\" \/>\n<meta name=\"twitter:card\" content=\"summary_large_image\" \/>\n<script type=\"application\/ld+json\" class=\"yoast-schema-graph\">{\"@context\":\"https:\/\/schema.org\",\"@graph\":[{\"@type\":\"WebPage\",\"@id\":\"https:\/\/exstoso.com\/de\/unsere-bedingungen\/\",\"url\":\"https:\/\/exstoso.com\/de\/unsere-bedingungen\/\",\"name\":\"Unsere Bedingungen - Exstoso\",\"isPartOf\":{\"@id\":\"https:\/\/exstoso.com\/de\/#website\"},\"datePublished\":\"2024-07-26T18:45:11+00:00\",\"dateModified\":\"2025-03-27T10:04:33+00:00\",\"breadcrumb\":{\"@id\":\"https:\/\/exstoso.com\/de\/unsere-bedingungen\/#breadcrumb\"},\"inLanguage\":\"de\",\"potentialAction\":[{\"@type\":\"ReadAction\",\"target\":[\"https:\/\/exstoso.com\/de\/unsere-bedingungen\/\"]}]},{\"@type\":\"BreadcrumbList\",\"@id\":\"https:\/\/exstoso.com\/de\/unsere-bedingungen\/#breadcrumb\",\"itemListElement\":[{\"@type\":\"ListItem\",\"position\":1,\"name\":\"Home\",\"item\":\"https:\/\/exstoso.com\/de\/\"},{\"@type\":\"ListItem\",\"position\":2,\"name\":\"Unsere Bedingungen\"}]},{\"@type\":\"WebSite\",\"@id\":\"https:\/\/exstoso.com\/de\/#website\",\"url\":\"https:\/\/exstoso.com\/de\/\",\"name\":\"Exstoso\",\"description\":\"Camperplaatsen &amp; caravanstalling\",\"publisher\":{\"@id\":\"https:\/\/exstoso.com\/de\/#organization\"},\"potentialAction\":[{\"@type\":\"SearchAction\",\"target\":{\"@type\":\"EntryPoint\",\"urlTemplate\":\"https:\/\/exstoso.com\/de\/?s={search_term_string}\"},\"query-input\":{\"@type\":\"PropertyValueSpecification\",\"valueRequired\":true,\"valueName\":\"search_term_string\"}}],\"inLanguage\":\"de\"},{\"@type\":\"Organization\",\"@id\":\"https:\/\/exstoso.com\/de\/#organization\",\"name\":\"Exstoso\",\"url\":\"https:\/\/exstoso.com\/de\/\",\"logo\":{\"@type\":\"ImageObject\",\"inLanguage\":\"de\",\"@id\":\"https:\/\/exstoso.com\/de\/#\/schema\/logo\/image\/\",\"url\":\"https:\/\/exstoso.com\/wp-content\/uploads\/2024\/06\/Exstoso-logo.png\",\"contentUrl\":\"https:\/\/exstoso.com\/wp-content\/uploads\/2024\/06\/Exstoso-logo.png\",\"width\":810,\"height\":491,\"caption\":\"Exstoso\"},\"image\":{\"@id\":\"https:\/\/exstoso.com\/de\/#\/schema\/logo\/image\/\"}}]}<\/script>\n<!-- \/ Yoast SEO plugin. -->","yoast_head_json":{"title":"Unsere Bedingungen - Exstoso","robots":{"index":"index","follow":"follow","max-snippet":"max-snippet:-1","max-image-preview":"max-image-preview:large","max-video-preview":"max-video-preview:-1"},"canonical":"https:\/\/exstoso.com\/de\/unsere-bedingungen\/","og_locale":"de_DE","og_type":"article","og_title":"Unsere Bedingungen - Exstoso","og_description":"Allgemeine Gesch\u00e4ftsbedingungen* Verhaltensregeln* Zahlungsbedingungen* Buchungsbedingungen* * Wir sind noch dabei, die allgemeinen Buchungs- und Zahlungsbedingungen hinzuzuf\u00fcgen. Au\u00dferdem gibt es eine Reihe von Verhaltensregeln, die eine reibungslose und sichere Nutzung des Parkplatzes f\u00fcr alle Benutzer gew\u00e4hrleisten. Wenn Sie bei uns buchen, senden wir Ihnen alle Bedingungen zusammen mit dem Vertrag zu. Klicken Sie hier, um eine [&hellip;]","og_url":"https:\/\/exstoso.com\/de\/unsere-bedingungen\/","og_site_name":"Exstoso","article_modified_time":"2025-03-27T10:04:33+00:00","twitter_card":"summary_large_image","schema":{"@context":"https:\/\/schema.org","@graph":[{"@type":"WebPage","@id":"https:\/\/exstoso.com\/de\/unsere-bedingungen\/","url":"https:\/\/exstoso.com\/de\/unsere-bedingungen\/","name":"Unsere Bedingungen - Exstoso","isPartOf":{"@id":"https:\/\/exstoso.com\/de\/#website"},"datePublished":"2024-07-26T18:45:11+00:00","dateModified":"2025-03-27T10:04:33+00:00","breadcrumb":{"@id":"https:\/\/exstoso.com\/de\/unsere-bedingungen\/#breadcrumb"},"inLanguage":"de","potentialAction":[{"@type":"ReadAction","target":["https:\/\/exstoso.com\/de\/unsere-bedingungen\/"]}]},{"@type":"BreadcrumbList","@id":"https:\/\/exstoso.com\/de\/unsere-bedingungen\/#breadcrumb","itemListElement":[{"@type":"ListItem","position":1,"name":"Home","item":"https:\/\/exstoso.com\/de\/"},{"@type":"ListItem","position":2,"name":"Unsere Bedingungen"}]},{"@type":"WebSite","@id":"https:\/\/exstoso.com\/de\/#website","url":"https:\/\/exstoso.com\/de\/","name":"Exstoso","description":"Camperplaatsen &amp; caravanstalling","publisher":{"@id":"https:\/\/exstoso.com\/de\/#organization"},"potentialAction":[{"@type":"SearchAction","target":{"@type":"EntryPoint","urlTemplate":"https:\/\/exstoso.com\/de\/?s={search_term_string}"},"query-input":{"@type":"PropertyValueSpecification","valueRequired":true,"valueName":"search_term_string"}}],"inLanguage":"de"},{"@type":"Organization","@id":"https:\/\/exstoso.com\/de\/#organization","name":"Exstoso","url":"https:\/\/exstoso.com\/de\/","logo":{"@type":"ImageObject","inLanguage":"de","@id":"https:\/\/exstoso.com\/de\/#\/schema\/logo\/image\/","url":"https:\/\/exstoso.com\/wp-content\/uploads\/2024\/06\/Exstoso-logo.png","contentUrl":"https:\/\/exstoso.com\/wp-content\/uploads\/2024\/06\/Exstoso-logo.png","width":810,"height":491,"caption":"Exstoso"},"image":{"@id":"https:\/\/exstoso.com\/de\/#\/schema\/logo\/image\/"}}]}},"_links":{"self":[{"href":"https:\/\/exstoso.com\/de\/wp-json\/wp\/v2\/pages\/2511","targetHints":{"allow":["GET"]}}],"collection":[{"href":"https:\/\/exstoso.com\/de\/wp-json\/wp\/v2\/pages"}],"about":[{"href":"https:\/\/exstoso.com\/de\/wp-json\/wp\/v2\/types\/page"}],"author":[{"embeddable":true,"href":"https:\/\/exstoso.com\/de\/wp-json\/wp\/v2\/users\/1"}],"replies":[{"embeddable":true,"href":"https:\/\/exstoso.com\/de\/wp-json\/wp\/v2\/comments?post=2511"}],"version-history":[{"count":1,"href":"https:\/\/exstoso.com\/de\/wp-json\/wp\/v2\/pages\/2511\/revisions"}],"predecessor-version":[{"id":2513,"href":"https:\/\/exstoso.com\/de\/wp-json\/wp\/v2\/pages\/2511\/revisions\/2513"}],"wp:attachment":[{"href":"https:\/\/exstoso.com\/de\/wp-json\/wp\/v2\/media?parent=2511"}],"curies":[{"name":"wp","href":"https:\/\/api.w.org\/{rel}","templated":true}]}}