{"id":2521,"date":"2024-11-14T11:19:29","date_gmt":"2024-11-14T11:19:29","guid":{"rendered":"https:\/\/exstoso.com\/wohnmobil-stellplatz\/"},"modified":"2025-03-27T10:04:36","modified_gmt":"2025-03-27T10:04:36","slug":"wohnmobil-stellplatz","status":"publish","type":"page","link":"https:\/\/exstoso.com\/de\/wohnmobil-stellplatz\/","title":{"rendered":"Wohnmobil-Stellplatz"},"content":{"rendered":"\t\t<div data-elementor-type=\"wp-page\" data-elementor-id=\"2521\" class=\"elementor elementor-2521 elementor-1981\">\n\t\t\t\t<div class=\"has_eae_slider elementor-element elementor-element-e0ad7ec e-flex e-con-boxed e-con e-parent\" data-eae-slider=\"89116\" data-id=\"e0ad7ec\" data-element_type=\"container\">\n\t\t\t\t\t<div class=\"e-con-inner\">\n\t\t\t\t<div class=\"elementor-element elementor-element-4b027f8 elementor-widget elementor-widget-text-editor\" data-id=\"4b027f8\" data-element_type=\"widget\" data-widget_type=\"text-editor.default\">\n\t\t\t\t<div class=\"elementor-widget-container\">\n\t\t\t\t\t\t\t\t\t<h2>Wohnmobilstellplatz Exstoso an der Costa Brava; sicherer Wohnmobilstellplatz f\u00fcr 1 oder mehrere N\u00e4chte!<\/h2><p>Hallo Camper! Wie nett von Ihnen, dass Sie uns einen Besuch abstatten. Wir sind derzeit damit besch\u00e4ftigt, einen neuen Standort f\u00fcr einen sorgenfreien Wohnmobilaufenthalt vorzubereiten. Unser Wohnmobilstellplatz in der N\u00e4he von Figueres Costa Brava bietet jeden Tag noch mehr Komfort und wird sich wie ein sicherer Hafen anf\u00fchlen.<\/p><p>Da unser neuer Wohnwagenpark noch einige Schritte durchl\u00e4uft, bevor er vollst\u00e4ndig fertiggestellt ist, bieten wir unseren derzeitigen Wohnwagenpark in diesem Winter f\u00fcr abenteuerlustige Wohnmobilreisende in der Nebensaison an. Dieser Platz bietet keine Einrichtungen wie Strom oder Wasser, daf\u00fcr aber einen ruhigen und sicheren Platz zum \u00dcbernachten &#8211; und das zu einem g\u00fcnstigen Wintertarif. Wir wissen besser als jeder andere, wie sch\u00f6n es ist, wenn Sie Ihre Wertsachen sicher und beruhigt zur\u00fccklassen k\u00f6nnen.<\/p><p>Und wir haben tolle Neuigkeiten: Wir hoffen, den neuen Veranstaltungsort in der n\u00e4chsten Saison f\u00fcr Sie er\u00f6ffnen zu k\u00f6nnen! F\u00fcr alle, die jetzt buchen, gibt es bald einen einmaligen Rabatt von 50% auf die erste \u00dcbernachtung am neuen Veranstaltungsort. So k\u00f6nnen Sie den zus\u00e4tzlichen Komfort und die feine Ausstattung, die wir bald f\u00fcr Sie bereithalten werden, noch g\u00fcnstiger genie\u00dfen.<\/p><p>Machen Sie sich also auf den Weg und buchen Sie jetzt eine Wohnmobil\u00fcbernachtung (oder mehr als 1) in unserem Stellplatz an der Costa Brava.<\/p><p>F\u00fchlen Sie sich willkommen und genie\u00dfen Sie die Ruhe und den Frieden!<\/p><p>Rufen Sie uns an oder schicken Sie uns eine E-Mail \u00fcber die unten stehenden Kontaktdaten und wir reservieren Ihnen einen Platz auf unserem sicheren Wohnmobilstellplatz.<\/p>\t\t\t\t\t\t\t\t<\/div>\n\t\t\t\t<\/div>\n\t\t\t\t\t<\/div>\n\t\t\t\t<\/div>\n\t\t<div class=\"has_eae_slider elementor-element elementor-element-6d17cda e-flex e-con-boxed e-con e-parent\" data-eae-slider=\"80932\" data-id=\"6d17cda\" data-element_type=\"container\">\n\t\t\t\t\t<div class=\"e-con-inner\">\n\t\t\t\t<div class=\"elementor-element elementor-element-5fe5017 elementor-widget elementor-widget-image\" data-id=\"5fe5017\" data-element_type=\"widget\" data-widget_type=\"image.default\">\n\t\t\t\t<div class=\"elementor-widget-container\">\n\t\t\t\t\t\t\t\t\t\t\t\t\t\t\t<img fetchpriority=\"high\" decoding=\"async\" width=\"1200\" height=\"682\" src=\"https:\/\/exstoso.com\/wp-content\/uploads\/2025\/01\/Exstoso-camper-parking-Costa-Brava.jpeg\" class=\"attachment-full size-full wp-image-2491\" alt=\"\" srcset=\"https:\/\/exstoso.com\/wp-content\/uploads\/2025\/01\/Exstoso-camper-parking-Costa-Brava.jpeg 1200w, https:\/\/exstoso.com\/wp-content\/uploads\/2025\/01\/Exstoso-camper-parking-Costa-Brava-300x171.jpeg 300w, https:\/\/exstoso.com\/wp-content\/uploads\/2025\/01\/Exstoso-camper-parking-Costa-Brava-1024x582.jpeg 1024w, https:\/\/exstoso.com\/wp-content\/uploads\/2025\/01\/Exstoso-camper-parking-Costa-Brava-768x436.jpeg 768w\" sizes=\"(max-width: 1200px) 100vw, 1200px\" \/>\t\t\t\t\t\t\t\t\t\t\t\t\t\t\t<\/div>\n\t\t\t\t<\/div>\n\t\t\t\t\t<\/div>\n\t\t\t\t<\/div>\n\t\t<div class=\"has_eae_slider elementor-element elementor-element-5224f60 e-flex e-con-boxed e-con e-parent\" data-eae-slider=\"63309\" data-id=\"5224f60\" data-element_type=\"container\">\n\t\t\t\t\t<div class=\"e-con-inner\">\n\t\t\t\t<div class=\"elementor-element elementor-element-22c595d elementor-widget elementor-widget-text-editor\" data-id=\"22c595d\" data-element_type=\"widget\" data-widget_type=\"text-editor.default\">\n\t\t\t\t<div class=\"elementor-widget-container\">\n\t\t\t\t\t\t\t\t\t<p>Dies ist der k\u00fcnstlerische Eindruck davon, wie der Wohnmobilstellplatz in der N\u00e4he von Figueres an der Costa Brava demn\u00e4chst aussehen wird.  <\/p>\t\t\t\t\t\t\t\t<\/div>\n\t\t\t\t<\/div>\n\t\t\t\t\t<\/div>\n\t\t\t\t<\/div>\n\t\t\t\t<\/div>\n\t\t","protected":false},"excerpt":{"rendered":"<p>Wohnmobilstellplatz Exstoso an der Costa Brava; sicherer Wohnmobilstellplatz f\u00fcr 1 oder mehrere N\u00e4chte! Hallo Camper! Wie nett von Ihnen, dass Sie uns einen Besuch abstatten. Wir sind derzeit damit besch\u00e4ftigt, einen neuen Standort f\u00fcr einen sorgenfreien Wohnmobilaufenthalt vorzubereiten. Unser Wohnmobilstellplatz in der N\u00e4he von Figueres Costa Brava bietet jeden Tag noch mehr Komfort und wird [&hellip;]<\/p>\n","protected":false},"author":1,"featured_media":0,"parent":0,"menu_order":3,"comment_status":"closed","ping_status":"closed","template":"","meta":{"_acf_changed":false,"footnotes":""},"class_list":["post-2521","page","type-page","status-publish","hentry"],"acf":[],"yoast_head":"<!-- This site is optimized with the Yoast SEO plugin v27.2 - https:\/\/yoast.com\/product\/yoast-seo-wordpress\/ -->\n<title>Wohnmobil-Stellplatz - Exstoso<\/title>\n<meta name=\"description\" content=\"Sie suchen einen sicheren Wohnmobilstellplatz f\u00fcr eine \u00dcbernachtung in Spanien? Der Wohnmobilstellplatz von Exstoso an der Costa Brava bietet Platz f\u00fcr jedes Wohnmobil!\" \/>\n<meta name=\"robots\" content=\"index, follow, max-snippet:-1, max-image-preview:large, max-video-preview:-1\" \/>\n<link rel=\"canonical\" href=\"https:\/\/exstoso.com\/de\/wohnmobil-stellplatz\/\" \/>\n<meta property=\"og:locale\" content=\"de_DE\" \/>\n<meta property=\"og:type\" content=\"article\" \/>\n<meta property=\"og:title\" content=\"Wohnmobil-Stellplatz - Exstoso\" \/>\n<meta property=\"og:description\" content=\"Sie suchen einen sicheren Wohnmobilstellplatz f\u00fcr eine \u00dcbernachtung in Spanien? Der Wohnmobilstellplatz von Exstoso an der Costa Brava bietet Platz f\u00fcr jedes Wohnmobil!\" \/>\n<meta property=\"og:url\" content=\"https:\/\/exstoso.com\/de\/wohnmobil-stellplatz\/\" \/>\n<meta property=\"og:site_name\" content=\"Exstoso\" \/>\n<meta property=\"article:modified_time\" content=\"2025-03-27T10:04:36+00:00\" \/>\n<meta property=\"og:image\" content=\"https:\/\/exstoso.com\/wp-content\/uploads\/2025\/01\/Exstoso-camper-parking-Costa-Brava.jpeg\" \/>\n\t<meta property=\"og:image:width\" content=\"1200\" \/>\n\t<meta property=\"og:image:height\" content=\"682\" \/>\n\t<meta property=\"og:image:type\" content=\"image\/jpeg\" \/>\n<meta name=\"twitter:card\" content=\"summary_large_image\" \/>\n<meta name=\"twitter:label1\" content=\"Gesch\u00e4tzte Lesezeit\" \/>\n\t<meta name=\"twitter:data1\" content=\"2\u00a0Minuten\" \/>\n<script type=\"application\/ld+json\" class=\"yoast-schema-graph\">{\"@context\":\"https:\/\/schema.org\",\"@graph\":[{\"@type\":\"WebPage\",\"@id\":\"https:\/\/exstoso.com\/de\/wohnmobil-stellplatz\/\",\"url\":\"https:\/\/exstoso.com\/de\/wohnmobil-stellplatz\/\",\"name\":\"Wohnmobil-Stellplatz - Exstoso\",\"isPartOf\":{\"@id\":\"https:\/\/exstoso.com\/de\/#website\"},\"primaryImageOfPage\":{\"@id\":\"https:\/\/exstoso.com\/de\/wohnmobil-stellplatz\/#primaryimage\"},\"image\":{\"@id\":\"https:\/\/exstoso.com\/de\/wohnmobil-stellplatz\/#primaryimage\"},\"thumbnailUrl\":\"https:\/\/exstoso.com\/wp-content\/uploads\/2025\/01\/Exstoso-camper-parking-Costa-Brava.jpeg\",\"datePublished\":\"2024-11-14T11:19:29+00:00\",\"dateModified\":\"2025-03-27T10:04:36+00:00\",\"description\":\"Sie suchen einen sicheren Wohnmobilstellplatz f\u00fcr eine \u00dcbernachtung in Spanien? Der Wohnmobilstellplatz von Exstoso an der Costa Brava bietet Platz f\u00fcr jedes Wohnmobil!\",\"breadcrumb\":{\"@id\":\"https:\/\/exstoso.com\/de\/wohnmobil-stellplatz\/#breadcrumb\"},\"inLanguage\":\"de\",\"potentialAction\":[{\"@type\":\"ReadAction\",\"target\":[\"https:\/\/exstoso.com\/de\/wohnmobil-stellplatz\/\"]}]},{\"@type\":\"ImageObject\",\"inLanguage\":\"de\",\"@id\":\"https:\/\/exstoso.com\/de\/wohnmobil-stellplatz\/#primaryimage\",\"url\":\"https:\/\/exstoso.com\/wp-content\/uploads\/2025\/01\/Exstoso-camper-parking-Costa-Brava.jpeg\",\"contentUrl\":\"https:\/\/exstoso.com\/wp-content\/uploads\/2025\/01\/Exstoso-camper-parking-Costa-Brava.jpeg\"},{\"@type\":\"BreadcrumbList\",\"@id\":\"https:\/\/exstoso.com\/de\/wohnmobil-stellplatz\/#breadcrumb\",\"itemListElement\":[{\"@type\":\"ListItem\",\"position\":1,\"name\":\"Home\",\"item\":\"https:\/\/exstoso.com\/de\/\"},{\"@type\":\"ListItem\",\"position\":2,\"name\":\"Wohnmobil-Stellplatz\"}]},{\"@type\":\"WebSite\",\"@id\":\"https:\/\/exstoso.com\/de\/#website\",\"url\":\"https:\/\/exstoso.com\/de\/\",\"name\":\"Exstoso\",\"description\":\"Camperplaatsen &amp; caravanstalling\",\"publisher\":{\"@id\":\"https:\/\/exstoso.com\/de\/#organization\"},\"potentialAction\":[{\"@type\":\"SearchAction\",\"target\":{\"@type\":\"EntryPoint\",\"urlTemplate\":\"https:\/\/exstoso.com\/de\/?s={search_term_string}\"},\"query-input\":{\"@type\":\"PropertyValueSpecification\",\"valueRequired\":true,\"valueName\":\"search_term_string\"}}],\"inLanguage\":\"de\"},{\"@type\":\"Organization\",\"@id\":\"https:\/\/exstoso.com\/de\/#organization\",\"name\":\"Exstoso\",\"url\":\"https:\/\/exstoso.com\/de\/\",\"logo\":{\"@type\":\"ImageObject\",\"inLanguage\":\"de\",\"@id\":\"https:\/\/exstoso.com\/de\/#\/schema\/logo\/image\/\",\"url\":\"https:\/\/exstoso.com\/wp-content\/uploads\/2024\/06\/Exstoso-logo.png\",\"contentUrl\":\"https:\/\/exstoso.com\/wp-content\/uploads\/2024\/06\/Exstoso-logo.png\",\"width\":810,\"height\":491,\"caption\":\"Exstoso\"},\"image\":{\"@id\":\"https:\/\/exstoso.com\/de\/#\/schema\/logo\/image\/\"}}]}<\/script>\n<!-- \/ Yoast SEO plugin. -->","yoast_head_json":{"title":"Wohnmobil-Stellplatz - Exstoso","description":"Sie suchen einen sicheren Wohnmobilstellplatz f\u00fcr eine \u00dcbernachtung in Spanien? Der Wohnmobilstellplatz von Exstoso an der Costa Brava bietet Platz f\u00fcr jedes Wohnmobil!","robots":{"index":"index","follow":"follow","max-snippet":"max-snippet:-1","max-image-preview":"max-image-preview:large","max-video-preview":"max-video-preview:-1"},"canonical":"https:\/\/exstoso.com\/de\/wohnmobil-stellplatz\/","og_locale":"de_DE","og_type":"article","og_title":"Wohnmobil-Stellplatz - Exstoso","og_description":"Sie suchen einen sicheren Wohnmobilstellplatz f\u00fcr eine \u00dcbernachtung in Spanien? Der Wohnmobilstellplatz von Exstoso an der Costa Brava bietet Platz f\u00fcr jedes Wohnmobil!","og_url":"https:\/\/exstoso.com\/de\/wohnmobil-stellplatz\/","og_site_name":"Exstoso","article_modified_time":"2025-03-27T10:04:36+00:00","og_image":[{"width":1200,"height":682,"url":"https:\/\/exstoso.com\/wp-content\/uploads\/2025\/01\/Exstoso-camper-parking-Costa-Brava.jpeg","type":"image\/jpeg"}],"twitter_card":"summary_large_image","twitter_misc":{"Gesch\u00e4tzte Lesezeit":"2\u00a0Minuten"},"schema":{"@context":"https:\/\/schema.org","@graph":[{"@type":"WebPage","@id":"https:\/\/exstoso.com\/de\/wohnmobil-stellplatz\/","url":"https:\/\/exstoso.com\/de\/wohnmobil-stellplatz\/","name":"Wohnmobil-Stellplatz - Exstoso","isPartOf":{"@id":"https:\/\/exstoso.com\/de\/#website"},"primaryImageOfPage":{"@id":"https:\/\/exstoso.com\/de\/wohnmobil-stellplatz\/#primaryimage"},"image":{"@id":"https:\/\/exstoso.com\/de\/wohnmobil-stellplatz\/#primaryimage"},"thumbnailUrl":"https:\/\/exstoso.com\/wp-content\/uploads\/2025\/01\/Exstoso-camper-parking-Costa-Brava.jpeg","datePublished":"2024-11-14T11:19:29+00:00","dateModified":"2025-03-27T10:04:36+00:00","description":"Sie suchen einen sicheren Wohnmobilstellplatz f\u00fcr eine \u00dcbernachtung in Spanien? Der Wohnmobilstellplatz von Exstoso an der Costa Brava bietet Platz f\u00fcr jedes Wohnmobil!","breadcrumb":{"@id":"https:\/\/exstoso.com\/de\/wohnmobil-stellplatz\/#breadcrumb"},"inLanguage":"de","potentialAction":[{"@type":"ReadAction","target":["https:\/\/exstoso.com\/de\/wohnmobil-stellplatz\/"]}]},{"@type":"ImageObject","inLanguage":"de","@id":"https:\/\/exstoso.com\/de\/wohnmobil-stellplatz\/#primaryimage","url":"https:\/\/exstoso.com\/wp-content\/uploads\/2025\/01\/Exstoso-camper-parking-Costa-Brava.jpeg","contentUrl":"https:\/\/exstoso.com\/wp-content\/uploads\/2025\/01\/Exstoso-camper-parking-Costa-Brava.jpeg"},{"@type":"BreadcrumbList","@id":"https:\/\/exstoso.com\/de\/wohnmobil-stellplatz\/#breadcrumb","itemListElement":[{"@type":"ListItem","position":1,"name":"Home","item":"https:\/\/exstoso.com\/de\/"},{"@type":"ListItem","position":2,"name":"Wohnmobil-Stellplatz"}]},{"@type":"WebSite","@id":"https:\/\/exstoso.com\/de\/#website","url":"https:\/\/exstoso.com\/de\/","name":"Exstoso","description":"Camperplaatsen &amp; caravanstalling","publisher":{"@id":"https:\/\/exstoso.com\/de\/#organization"},"potentialAction":[{"@type":"SearchAction","target":{"@type":"EntryPoint","urlTemplate":"https:\/\/exstoso.com\/de\/?s={search_term_string}"},"query-input":{"@type":"PropertyValueSpecification","valueRequired":true,"valueName":"search_term_string"}}],"inLanguage":"de"},{"@type":"Organization","@id":"https:\/\/exstoso.com\/de\/#organization","name":"Exstoso","url":"https:\/\/exstoso.com\/de\/","logo":{"@type":"ImageObject","inLanguage":"de","@id":"https:\/\/exstoso.com\/de\/#\/schema\/logo\/image\/","url":"https:\/\/exstoso.com\/wp-content\/uploads\/2024\/06\/Exstoso-logo.png","contentUrl":"https:\/\/exstoso.com\/wp-content\/uploads\/2024\/06\/Exstoso-logo.png","width":810,"height":491,"caption":"Exstoso"},"image":{"@id":"https:\/\/exstoso.com\/de\/#\/schema\/logo\/image\/"}}]}},"_links":{"self":[{"href":"https:\/\/exstoso.com\/de\/wp-json\/wp\/v2\/pages\/2521","targetHints":{"allow":["GET"]}}],"collection":[{"href":"https:\/\/exstoso.com\/de\/wp-json\/wp\/v2\/pages"}],"about":[{"href":"https:\/\/exstoso.com\/de\/wp-json\/wp\/v2\/types\/page"}],"author":[{"embeddable":true,"href":"https:\/\/exstoso.com\/de\/wp-json\/wp\/v2\/users\/1"}],"replies":[{"embeddable":true,"href":"https:\/\/exstoso.com\/de\/wp-json\/wp\/v2\/comments?post=2521"}],"version-history":[{"count":1,"href":"https:\/\/exstoso.com\/de\/wp-json\/wp\/v2\/pages\/2521\/revisions"}],"predecessor-version":[{"id":2523,"href":"https:\/\/exstoso.com\/de\/wp-json\/wp\/v2\/pages\/2521\/revisions\/2523"}],"wp:attachment":[{"href":"https:\/\/exstoso.com\/de\/wp-json\/wp\/v2\/media?parent=2521"}],"curies":[{"name":"wp","href":"https:\/\/api.w.org\/{rel}","templated":true}]}}