{"id":2524,"date":"2023-01-25T06:11:03","date_gmt":"2023-01-25T06:11:03","guid":{"rendered":"https:\/\/exstoso.com\/ueber-uns\/"},"modified":"2025-03-27T10:04:37","modified_gmt":"2025-03-27T10:04:37","slug":"ueber-uns","status":"publish","type":"page","link":"https:\/\/exstoso.com\/de\/ueber-uns\/","title":{"rendered":"\u00dcber uns"},"content":{"rendered":"\t\t<div data-elementor-type=\"wp-page\" data-elementor-id=\"2524\" class=\"elementor elementor-2524 elementor-1163\">\n\t\t\t\t\t\t<section class=\"has_eae_slider elementor-section elementor-top-section elementor-element elementor-element-91c781e elementor-section-full_width elementor-section-height-default elementor-section-height-default\" data-eae-slider=\"90101\" data-id=\"91c781e\" data-element_type=\"section\" data-settings=\"{&quot;background_background&quot;:&quot;classic&quot;}\">\n\t\t\t\t\t\t<div class=\"elementor-container elementor-column-gap-no\">\n\t\t\t\t\t<div class=\"has_eae_slider elementor-column elementor-col-100 elementor-top-column elementor-element elementor-element-321a152\" data-eae-slider=\"45677\" data-id=\"321a152\" data-element_type=\"column\">\n\t\t\t<div class=\"elementor-widget-wrap elementor-element-populated\">\n\t\t\t\t\t\t<section class=\"has_eae_slider elementor-section elementor-inner-section elementor-element elementor-element-61c65f8 elementor-section-boxed elementor-section-height-default elementor-section-height-default\" data-eae-slider=\"57561\" data-id=\"61c65f8\" data-element_type=\"section\">\n\t\t\t\t\t\t<div class=\"elementor-container elementor-column-gap-default\">\n\t\t\t\t\t<div class=\"has_eae_slider elementor-column elementor-col-100 elementor-inner-column elementor-element elementor-element-fd626f5\" data-eae-slider=\"41351\" data-id=\"fd626f5\" data-element_type=\"column\">\n\t\t\t<div class=\"elementor-widget-wrap elementor-element-populated\">\n\t\t\t\t\t\t\t<\/div>\n\t\t<\/div>\n\t\t\t\t\t<\/div>\n\t\t<\/section>\n\t\t\t\t\t<\/div>\n\t\t<\/div>\n\t\t\t\t\t<\/div>\n\t\t<\/section>\n\t\t\t\t<section class=\"has_eae_slider elementor-section elementor-top-section elementor-element elementor-element-e1049d4 elementor-section-boxed elementor-section-height-default elementor-section-height-default\" data-eae-slider=\"23492\" data-id=\"e1049d4\" data-element_type=\"section\">\n\t\t\t\t\t\t<div class=\"elementor-container elementor-column-gap-default\">\n\t\t\t\t\t<div class=\"has_eae_slider elementor-column elementor-col-50 elementor-top-column elementor-element elementor-element-d7310dc\" data-eae-slider=\"529\" data-id=\"d7310dc\" data-element_type=\"column\">\n\t\t\t<div class=\"elementor-widget-wrap elementor-element-populated\">\n\t\t\t\t\t\t<section class=\"has_eae_slider elementor-section elementor-inner-section elementor-element elementor-element-961e5d4 elementor-section-boxed elementor-section-height-default elementor-section-height-default\" data-eae-slider=\"64710\" data-id=\"961e5d4\" data-element_type=\"section\">\n\t\t\t\t\t\t<div class=\"elementor-container elementor-column-gap-default\">\n\t\t\t\t\t<div class=\"has_eae_slider elementor-column elementor-col-100 elementor-inner-column elementor-element elementor-element-664cb64\" data-eae-slider=\"64468\" data-id=\"664cb64\" data-element_type=\"column\">\n\t\t\t<div class=\"elementor-widget-wrap\">\n\t\t\t\t\t\t\t<\/div>\n\t\t<\/div>\n\t\t\t\t\t<\/div>\n\t\t<\/section>\n\t\t\t\t<div class=\"elementor-element elementor-element-88e15af elementor-invisible elementor-widget elementor-widget-image\" data-id=\"88e15af\" data-element_type=\"widget\" data-settings=\"{&quot;_animation&quot;:&quot;fadeInUp&quot;}\" data-widget_type=\"image.default\">\n\t\t\t\t<div class=\"elementor-widget-container\">\n\t\t\t\t\t\t\t\t\t\t\t\t\t\t\t<img fetchpriority=\"high\" decoding=\"async\" width=\"640\" height=\"906\" src=\"https:\/\/exstoso.com\/wp-content\/uploads\/2024\/08\/Sem-en-Karel-723x1024.png\" class=\"attachment-large size-large wp-image-2329\" alt=\"\" srcset=\"https:\/\/exstoso.com\/wp-content\/uploads\/2024\/08\/Sem-en-Karel-723x1024.png 723w, https:\/\/exstoso.com\/wp-content\/uploads\/2024\/08\/Sem-en-Karel-212x300.png 212w, https:\/\/exstoso.com\/wp-content\/uploads\/2024\/08\/Sem-en-Karel-768x1087.png 768w, https:\/\/exstoso.com\/wp-content\/uploads\/2024\/08\/Sem-en-Karel-1085x1536.png 1085w, https:\/\/exstoso.com\/wp-content\/uploads\/2024\/08\/Sem-en-Karel.png 1170w\" sizes=\"(max-width: 640px) 100vw, 640px\" \/>\t\t\t\t\t\t\t\t\t\t\t\t\t\t\t<\/div>\n\t\t\t\t<\/div>\n\t\t\t\t\t<\/div>\n\t\t<\/div>\n\t\t\t\t<div class=\"has_eae_slider elementor-column elementor-col-50 elementor-top-column elementor-element elementor-element-112c8df elementor-invisible\" data-eae-slider=\"60758\" data-id=\"112c8df\" data-element_type=\"column\" data-settings=\"{&quot;animation&quot;:&quot;fadeInRight&quot;}\">\n\t\t\t<div class=\"elementor-widget-wrap elementor-element-populated\">\n\t\t\t\t\t\t<div class=\"elementor-element elementor-element-d19c2e9 elementor-widget elementor-widget-heading\" data-id=\"d19c2e9\" data-element_type=\"widget\" data-widget_type=\"heading.default\">\n\t\t\t\t<div class=\"elementor-widget-container\">\n\t\t\t\t\t<h2 class=\"elementor-heading-title elementor-size-default\">Wir stellen vor!<\/h2>\t\t\t\t<\/div>\n\t\t\t\t<\/div>\n\t\t\t\t<div class=\"elementor-element elementor-element-789b657 elementor-widget elementor-widget-heading\" data-id=\"789b657\" data-element_type=\"widget\" data-widget_type=\"heading.default\">\n\t\t\t\t<div class=\"elementor-widget-container\">\n\t\t\t\t\t<h2 class=\"elementor-heading-title elementor-size-default\">Sem &amp; Karel Langedijk<\/h2>\t\t\t\t<\/div>\n\t\t\t\t<\/div>\n\t\t\t\t<div class=\"elementor-element elementor-element-6cdcbf8 elementor-widget elementor-widget-text-editor\" data-id=\"6cdcbf8\" data-element_type=\"widget\" data-widget_type=\"text-editor.default\">\n\t\t\t\t<div class=\"elementor-widget-container\">\n\t\t\t\t\t\t\t\t\t<p>Wir sind Karel und Sem. Als Wohnwagen- und Bootsenthusiasten schaffen wir eine Boots- und Wohnwagenlagerst\u00e4tte f\u00fcr Kunden, die Entlastung suchen.<\/p><p>Als erfahrene Camper wissen wir besser als jeder andere, was auf einem Campingplatz im Allgemeinen und auf einem Wohnmobil- oder Wohnwagenstellplatz im Besonderen angenehm ist und was nicht. Seit Jahrzehnten kommen wir mit dem gleichen Ziel nach Spanien: ausruhen und auftanken. Erkennbar, oder?<\/p><p>Nach 3 Jahren Forschung ist unser Traum nun Wirklichkeit geworden: Exstoso Stalling! Wir schaffen einen sicheren, freundlichen und vor allem praktischen Unterschlupf f\u00fcr Camper, die auch die Aufbewahrung ihres wertvollen Besitzes gut organisiert haben m\u00f6chten.<\/p><p>Mit unserem Turn Key Konzept nehmen wir Ihnen alles ab. Von der Reparatur bis zur Lieferung, vom Auf- bis zum Abbau eines Zeltes oder einer Zeltfront, von der holl\u00e4ndischen Erdnussbutter bis zum spanischen Gashahn: Wir erledigen alles f\u00fcr Sie.<\/p><p>Wir verstehen, wie sch\u00f6n es ist, sich mit Ihrem hinhaltenden Manager in Ihrer eigenen Sprache \u00fcber die perfekte Vorbereitung f\u00fcr Ihren wohlverdienten Urlaub unterhalten zu k\u00f6nnen. Ob Sie sich nun f\u00fcr ein paar Wochen unbeschwerte Entspannung mit der Familie oder eine abenteuerliche Radtour auf Fatbikes entscheiden, wir bieten Ihnen alle Einrichtungen, die Sie f\u00fcr einen unbeschwerten Urlaub ben\u00f6tigen.<\/p><p> <\/p>\t\t\t\t\t\t\t\t<\/div>\n\t\t\t\t<\/div>\n\t\t\t\t\t<\/div>\n\t\t<\/div>\n\t\t\t\t\t<\/div>\n\t\t<\/section>\n\t\t\t\t<\/div>\n\t\t","protected":false},"excerpt":{"rendered":"<p>Wir stellen vor! Sem &amp; Karel Langedijk Wir sind Karel und Sem. Als Wohnwagen- und Bootsenthusiasten schaffen wir eine Boots- und Wohnwagenlagerst\u00e4tte f\u00fcr Kunden, die Entlastung suchen. Als erfahrene Camper wissen wir besser als jeder andere, was auf einem Campingplatz im Allgemeinen und auf einem Wohnmobil- oder Wohnwagenstellplatz im Besonderen angenehm ist und was nicht. [&hellip;]<\/p>\n","protected":false},"author":1,"featured_media":0,"parent":0,"menu_order":0,"comment_status":"closed","ping_status":"closed","template":"elementor_header_footer","meta":{"_acf_changed":false,"footnotes":""},"class_list":["post-2524","page","type-page","status-publish","hentry"],"acf":[],"yoast_head":"<!-- This site is optimized with the Yoast SEO plugin v27.2 - https:\/\/yoast.com\/product\/yoast-seo-wordpress\/ -->\n<title>\u00dcber uns - Exstoso<\/title>\n<meta name=\"robots\" content=\"index, follow, max-snippet:-1, max-image-preview:large, max-video-preview:-1\" \/>\n<link rel=\"canonical\" href=\"https:\/\/exstoso.com\/de\/ueber-uns\/\" \/>\n<meta property=\"og:locale\" content=\"de_DE\" \/>\n<meta property=\"og:type\" content=\"article\" \/>\n<meta property=\"og:title\" content=\"\u00dcber uns - Exstoso\" \/>\n<meta property=\"og:description\" content=\"Wir stellen vor! Sem &amp; Karel Langedijk Wir sind Karel und Sem. Als Wohnwagen- und Bootsenthusiasten schaffen wir eine Boots- und Wohnwagenlagerst\u00e4tte f\u00fcr Kunden, die Entlastung suchen. Als erfahrene Camper wissen wir besser als jeder andere, was auf einem Campingplatz im Allgemeinen und auf einem Wohnmobil- oder Wohnwagenstellplatz im Besonderen angenehm ist und was nicht. [&hellip;]\" \/>\n<meta property=\"og:url\" content=\"https:\/\/exstoso.com\/de\/ueber-uns\/\" \/>\n<meta property=\"og:site_name\" content=\"Exstoso\" \/>\n<meta property=\"article:modified_time\" content=\"2025-03-27T10:04:37+00:00\" \/>\n<meta property=\"og:image\" content=\"https:\/\/exstoso.com\/wp-content\/uploads\/2024\/08\/Sem-en-Karel-723x1024.png\" \/>\n\t<meta property=\"og:image:width\" content=\"723\" \/>\n\t<meta property=\"og:image:height\" content=\"1024\" \/>\n\t<meta property=\"og:image:type\" content=\"image\/png\" \/>\n<meta name=\"twitter:card\" content=\"summary_large_image\" \/>\n<meta name=\"twitter:label1\" content=\"Gesch\u00e4tzte Lesezeit\" \/>\n\t<meta name=\"twitter:data1\" content=\"1\u00a0Minute\" \/>\n<script type=\"application\/ld+json\" class=\"yoast-schema-graph\">{\"@context\":\"https:\/\/schema.org\",\"@graph\":[{\"@type\":\"WebPage\",\"@id\":\"https:\/\/exstoso.com\/de\/ueber-uns\/\",\"url\":\"https:\/\/exstoso.com\/de\/ueber-uns\/\",\"name\":\"\u00dcber uns - Exstoso\",\"isPartOf\":{\"@id\":\"https:\/\/exstoso.com\/de\/#website\"},\"primaryImageOfPage\":{\"@id\":\"https:\/\/exstoso.com\/de\/ueber-uns\/#primaryimage\"},\"image\":{\"@id\":\"https:\/\/exstoso.com\/de\/ueber-uns\/#primaryimage\"},\"thumbnailUrl\":\"https:\/\/exstoso.com\/wp-content\/uploads\/2024\/08\/Sem-en-Karel-723x1024.png\",\"datePublished\":\"2023-01-25T06:11:03+00:00\",\"dateModified\":\"2025-03-27T10:04:37+00:00\",\"breadcrumb\":{\"@id\":\"https:\/\/exstoso.com\/de\/ueber-uns\/#breadcrumb\"},\"inLanguage\":\"de\",\"potentialAction\":[{\"@type\":\"ReadAction\",\"target\":[\"https:\/\/exstoso.com\/de\/ueber-uns\/\"]}]},{\"@type\":\"ImageObject\",\"inLanguage\":\"de\",\"@id\":\"https:\/\/exstoso.com\/de\/ueber-uns\/#primaryimage\",\"url\":\"https:\/\/exstoso.com\/wp-content\/uploads\/2024\/08\/Sem-en-Karel-723x1024.png\",\"contentUrl\":\"https:\/\/exstoso.com\/wp-content\/uploads\/2024\/08\/Sem-en-Karel-723x1024.png\"},{\"@type\":\"BreadcrumbList\",\"@id\":\"https:\/\/exstoso.com\/de\/ueber-uns\/#breadcrumb\",\"itemListElement\":[{\"@type\":\"ListItem\",\"position\":1,\"name\":\"Home\",\"item\":\"https:\/\/exstoso.com\/de\/\"},{\"@type\":\"ListItem\",\"position\":2,\"name\":\"\u00dcber uns\"}]},{\"@type\":\"WebSite\",\"@id\":\"https:\/\/exstoso.com\/de\/#website\",\"url\":\"https:\/\/exstoso.com\/de\/\",\"name\":\"Exstoso\",\"description\":\"Camperplaatsen &amp; caravanstalling\",\"publisher\":{\"@id\":\"https:\/\/exstoso.com\/de\/#organization\"},\"potentialAction\":[{\"@type\":\"SearchAction\",\"target\":{\"@type\":\"EntryPoint\",\"urlTemplate\":\"https:\/\/exstoso.com\/de\/?s={search_term_string}\"},\"query-input\":{\"@type\":\"PropertyValueSpecification\",\"valueRequired\":true,\"valueName\":\"search_term_string\"}}],\"inLanguage\":\"de\"},{\"@type\":\"Organization\",\"@id\":\"https:\/\/exstoso.com\/de\/#organization\",\"name\":\"Exstoso\",\"url\":\"https:\/\/exstoso.com\/de\/\",\"logo\":{\"@type\":\"ImageObject\",\"inLanguage\":\"de\",\"@id\":\"https:\/\/exstoso.com\/de\/#\/schema\/logo\/image\/\",\"url\":\"https:\/\/exstoso.com\/wp-content\/uploads\/2024\/06\/Exstoso-logo.png\",\"contentUrl\":\"https:\/\/exstoso.com\/wp-content\/uploads\/2024\/06\/Exstoso-logo.png\",\"width\":810,\"height\":491,\"caption\":\"Exstoso\"},\"image\":{\"@id\":\"https:\/\/exstoso.com\/de\/#\/schema\/logo\/image\/\"}}]}<\/script>\n<!-- \/ Yoast SEO plugin. -->","yoast_head_json":{"title":"\u00dcber uns - Exstoso","robots":{"index":"index","follow":"follow","max-snippet":"max-snippet:-1","max-image-preview":"max-image-preview:large","max-video-preview":"max-video-preview:-1"},"canonical":"https:\/\/exstoso.com\/de\/ueber-uns\/","og_locale":"de_DE","og_type":"article","og_title":"\u00dcber uns - Exstoso","og_description":"Wir stellen vor! Sem &amp; Karel Langedijk Wir sind Karel und Sem. Als Wohnwagen- und Bootsenthusiasten schaffen wir eine Boots- und Wohnwagenlagerst\u00e4tte f\u00fcr Kunden, die Entlastung suchen. Als erfahrene Camper wissen wir besser als jeder andere, was auf einem Campingplatz im Allgemeinen und auf einem Wohnmobil- oder Wohnwagenstellplatz im Besonderen angenehm ist und was nicht. [&hellip;]","og_url":"https:\/\/exstoso.com\/de\/ueber-uns\/","og_site_name":"Exstoso","article_modified_time":"2025-03-27T10:04:37+00:00","og_image":[{"width":723,"height":1024,"url":"https:\/\/exstoso.com\/wp-content\/uploads\/2024\/08\/Sem-en-Karel-723x1024.png","type":"image\/png"}],"twitter_card":"summary_large_image","twitter_misc":{"Gesch\u00e4tzte Lesezeit":"1\u00a0Minute"},"schema":{"@context":"https:\/\/schema.org","@graph":[{"@type":"WebPage","@id":"https:\/\/exstoso.com\/de\/ueber-uns\/","url":"https:\/\/exstoso.com\/de\/ueber-uns\/","name":"\u00dcber uns - Exstoso","isPartOf":{"@id":"https:\/\/exstoso.com\/de\/#website"},"primaryImageOfPage":{"@id":"https:\/\/exstoso.com\/de\/ueber-uns\/#primaryimage"},"image":{"@id":"https:\/\/exstoso.com\/de\/ueber-uns\/#primaryimage"},"thumbnailUrl":"https:\/\/exstoso.com\/wp-content\/uploads\/2024\/08\/Sem-en-Karel-723x1024.png","datePublished":"2023-01-25T06:11:03+00:00","dateModified":"2025-03-27T10:04:37+00:00","breadcrumb":{"@id":"https:\/\/exstoso.com\/de\/ueber-uns\/#breadcrumb"},"inLanguage":"de","potentialAction":[{"@type":"ReadAction","target":["https:\/\/exstoso.com\/de\/ueber-uns\/"]}]},{"@type":"ImageObject","inLanguage":"de","@id":"https:\/\/exstoso.com\/de\/ueber-uns\/#primaryimage","url":"https:\/\/exstoso.com\/wp-content\/uploads\/2024\/08\/Sem-en-Karel-723x1024.png","contentUrl":"https:\/\/exstoso.com\/wp-content\/uploads\/2024\/08\/Sem-en-Karel-723x1024.png"},{"@type":"BreadcrumbList","@id":"https:\/\/exstoso.com\/de\/ueber-uns\/#breadcrumb","itemListElement":[{"@type":"ListItem","position":1,"name":"Home","item":"https:\/\/exstoso.com\/de\/"},{"@type":"ListItem","position":2,"name":"\u00dcber uns"}]},{"@type":"WebSite","@id":"https:\/\/exstoso.com\/de\/#website","url":"https:\/\/exstoso.com\/de\/","name":"Exstoso","description":"Camperplaatsen &amp; caravanstalling","publisher":{"@id":"https:\/\/exstoso.com\/de\/#organization"},"potentialAction":[{"@type":"SearchAction","target":{"@type":"EntryPoint","urlTemplate":"https:\/\/exstoso.com\/de\/?s={search_term_string}"},"query-input":{"@type":"PropertyValueSpecification","valueRequired":true,"valueName":"search_term_string"}}],"inLanguage":"de"},{"@type":"Organization","@id":"https:\/\/exstoso.com\/de\/#organization","name":"Exstoso","url":"https:\/\/exstoso.com\/de\/","logo":{"@type":"ImageObject","inLanguage":"de","@id":"https:\/\/exstoso.com\/de\/#\/schema\/logo\/image\/","url":"https:\/\/exstoso.com\/wp-content\/uploads\/2024\/06\/Exstoso-logo.png","contentUrl":"https:\/\/exstoso.com\/wp-content\/uploads\/2024\/06\/Exstoso-logo.png","width":810,"height":491,"caption":"Exstoso"},"image":{"@id":"https:\/\/exstoso.com\/de\/#\/schema\/logo\/image\/"}}]}},"_links":{"self":[{"href":"https:\/\/exstoso.com\/de\/wp-json\/wp\/v2\/pages\/2524","targetHints":{"allow":["GET"]}}],"collection":[{"href":"https:\/\/exstoso.com\/de\/wp-json\/wp\/v2\/pages"}],"about":[{"href":"https:\/\/exstoso.com\/de\/wp-json\/wp\/v2\/types\/page"}],"author":[{"embeddable":true,"href":"https:\/\/exstoso.com\/de\/wp-json\/wp\/v2\/users\/1"}],"replies":[{"embeddable":true,"href":"https:\/\/exstoso.com\/de\/wp-json\/wp\/v2\/comments?post=2524"}],"version-history":[{"count":1,"href":"https:\/\/exstoso.com\/de\/wp-json\/wp\/v2\/pages\/2524\/revisions"}],"predecessor-version":[{"id":2525,"href":"https:\/\/exstoso.com\/de\/wp-json\/wp\/v2\/pages\/2524\/revisions\/2525"}],"wp:attachment":[{"href":"https:\/\/exstoso.com\/de\/wp-json\/wp\/v2\/media?parent=2524"}],"curies":[{"name":"wp","href":"https:\/\/api.w.org\/{rel}","templated":true}]}}