{"id":2564,"date":"2023-01-25T06:11:19","date_gmt":"2023-01-25T06:11:19","guid":{"rendered":"https:\/\/exstoso.com\/service\/"},"modified":"2025-03-27T10:45:01","modified_gmt":"2025-03-27T10:45:01","slug":"service","status":"publish","type":"page","link":"https:\/\/exstoso.com\/de\/service\/","title":{"rendered":"Service"},"content":{"rendered":"\t\t<div data-elementor-type=\"wp-page\" data-elementor-id=\"2564\" class=\"elementor elementor-2564 elementor-1164\">\n\t\t\t\t\t\t<section class=\"has_eae_slider elementor-section elementor-top-section elementor-element elementor-element-545555a elementor-section-full_width elementor-section-height-default elementor-section-height-default\" data-eae-slider=\"98744\" data-id=\"545555a\" data-element_type=\"section\" data-settings=\"{&quot;background_background&quot;:&quot;classic&quot;}\">\n\t\t\t\t\t\t<div class=\"elementor-container elementor-column-gap-no\">\n\t\t\t\t\t<div class=\"has_eae_slider elementor-column elementor-col-100 elementor-top-column elementor-element elementor-element-f32164e\" data-eae-slider=\"266\" data-id=\"f32164e\" data-element_type=\"column\" data-settings=\"{&quot;background_background&quot;:&quot;classic&quot;}\">\n\t\t\t<div class=\"elementor-widget-wrap elementor-element-populated\">\n\t\t\t\t\t\t<section class=\"has_eae_slider elementor-section elementor-inner-section elementor-element elementor-element-c367942 elementor-section-boxed elementor-section-height-default elementor-section-height-default\" data-eae-slider=\"14577\" data-id=\"c367942\" data-element_type=\"section\">\n\t\t\t\t\t\t<div class=\"elementor-container elementor-column-gap-default\">\n\t\t\t\t\t<div class=\"has_eae_slider elementor-column elementor-col-100 elementor-inner-column elementor-element elementor-element-890b655\" data-eae-slider=\"81651\" data-id=\"890b655\" data-element_type=\"column\">\n\t\t\t<div class=\"elementor-widget-wrap elementor-element-populated\">\n\t\t\t\t\t\t<div class=\"elementor-element elementor-element-5c3c45a elementor-widget elementor-widget-heading\" data-id=\"5c3c45a\" data-element_type=\"widget\" data-widget_type=\"heading.default\">\n\t\t\t\t<div class=\"elementor-widget-container\">\n\t\t\t\t\t<h2 class=\"elementor-heading-title elementor-size-default\">Service<\/h2>\t\t\t\t<\/div>\n\t\t\t\t<\/div>\n\t\t\t\t\t<\/div>\n\t\t<\/div>\n\t\t\t\t\t<\/div>\n\t\t<\/section>\n\t\t\t\t\t<\/div>\n\t\t<\/div>\n\t\t\t\t\t<\/div>\n\t\t<\/section>\n\t\t\t\t<section class=\"has_eae_slider elementor-section elementor-top-section elementor-element elementor-element-d641725 elementor-section-boxed elementor-section-height-default elementor-section-height-default\" data-eae-slider=\"44821\" data-id=\"d641725\" data-element_type=\"section\" data-settings=\"{&quot;background_background&quot;:&quot;gradient&quot;}\">\n\t\t\t\t\t\t<div class=\"elementor-container elementor-column-gap-default\">\n\t\t\t\t\t<div class=\"has_eae_slider elementor-column elementor-col-100 elementor-top-column elementor-element elementor-element-d22c420\" data-eae-slider=\"59977\" data-id=\"d22c420\" data-element_type=\"column\">\n\t\t\t<div class=\"elementor-widget-wrap elementor-element-populated\">\n\t\t\t\t\t\t<section class=\"has_eae_slider elementor-section elementor-inner-section elementor-element elementor-element-8f0477a elementor-section-boxed elementor-section-height-default elementor-section-height-default\" data-eae-slider=\"23929\" data-id=\"8f0477a\" data-element_type=\"section\">\n\t\t\t\t\t\t<div class=\"elementor-container elementor-column-gap-default\">\n\t\t\t\t\t<div class=\"has_eae_slider elementor-column elementor-col-100 elementor-inner-column elementor-element elementor-element-1cc87ea\" data-eae-slider=\"39629\" data-id=\"1cc87ea\" data-element_type=\"column\">\n\t\t\t<div class=\"elementor-widget-wrap elementor-element-populated\">\n\t\t\t\t\t\t<div class=\"elementor-element elementor-element-14c3d41 elementor-widget elementor-widget-heading\" data-id=\"14c3d41\" data-element_type=\"widget\" data-widget_type=\"heading.default\">\n\t\t\t\t<div class=\"elementor-widget-container\">\n\t\t\t\t\t<h2 class=\"elementor-heading-title elementor-size-default\">Transport - Transfers - Reinigung - Reparatur - Wartung - Vermietung<\/h2>\t\t\t\t<\/div>\n\t\t\t\t<\/div>\n\t\t<div class=\"has_eae_slider elementor-element elementor-element-f6ffab3 e-flex e-con-boxed e-con e-parent\" data-eae-slider=\"86808\" data-id=\"f6ffab3\" data-element_type=\"container\">\n\t\t\t\t\t<div class=\"e-con-inner\">\n\t\t\t\t<div class=\"elementor-element elementor-element-4dc08be elementor-widget elementor-widget-text-editor\" data-id=\"4dc08be\" data-element_type=\"widget\" data-widget_type=\"text-editor.default\">\n\t\t\t\t<div class=\"elementor-widget-container\">\n\t\t\t\t\t\t\t\t\t<p><strong>Mehr als nur ein Wohnwagenpark: Ihr kompletter Servicepartner an der Costa Brava!<\/strong><\/p><p>Ob Sie eine kleine Reparatur ben\u00f6tigen, Ihr Fahrzeug, Ihr Zelt oder Ihre Polster bei Exstoso reinigen lassen m\u00f6chten, bei uns sind Sie an der richtigen Adresse. Wir haben viel Erfahrung mit verschiedenen Fahrzeugen und Materialien und nehmen Ihnen all diese Arbeiten gerne ab. Wir arbeiten derzeit hart an den R\u00e4umlichkeiten und der Lagerung. Um Entt\u00e4uschungen zu vermeiden, nehmen Sie bitte zun\u00e4chst Kontakt mit uns auf, um Ihre Anforderungen zu besprechen. Wir danken Ihnen im Voraus f\u00fcr Ihr Verst\u00e4ndnis!    <\/p><p><strong>Reinigung<\/strong><\/p><p>Haben Sie keine Lust, Ihr Boot oder Ihren Wohnwagen zu Beginn Ihres Urlaubs zu reinigen? Oder sich kurz vor der Heimreise die H\u00e4nde schmutzig zu machen? Wir sorgen daf\u00fcr, dass Ihr Urlaub an der Costa Brava frisch und fruchtig beginnt und endet!  <\/p><p><strong>Transport<\/strong><\/p><p>Verursacht der Gedanke, Ihre wertvollen Besitzt\u00fcmer wie Ihr Boot, Ihren Wohnwagen oder Ihr Quad aus dem Lager und zum Campingplatz oder Yachthafen zu man\u00f6vrieren, bei Ihnen einen &#8222;spanischen&#8220; Schauer? Wir machen nichts anderes und lassen uns von keiner Transportherausforderung kalt oder hei\u00df machen. Besprechen Sie Ihre Anforderungen mit uns und wir werden eine L\u00f6sung finden!  <\/p><p>Kommen Sie mit Ihrer Familie oder einer Gruppe von Freunden mit dem Flugzeug? Sie k\u00f6nnen auch Flughafentransfers f\u00fcr bis zu 10 Personen inklusive Gep\u00e4ck buchen. Zu einem im Voraus vereinbarten Festpreis mit einem niederl\u00e4ndischsprachigen Fahrer. Auch hier kein Stress!    <\/p><p><strong>Aufstellen\/Abbauen der Markise<\/strong><\/p><p>Haben Sie es auch satt, am ersten und letzten Tag die (Markise) auf- oder abzubauen und zu reinigen? Nach Ihrer Reise von oder zur\u00fcck in die Niederlande haben Sie vielleicht keine Lust, Ihr Vorzelt aufzubauen. Wir haben daf\u00fcr volles Verst\u00e4ndnis und sind bereit, Ihnen das abzunehmen. Noch besser: Das Bier ist kalt, so dass Sie entspannt in Ihren wohlverdienten Urlaub starten k\u00f6nnen!   <\/p><p><strong>Praktisch<\/strong><\/p><p>Unterwegs ohne Ihr Haustier? Oder keine Zeit zum Einkaufen? Oder brauchen Sie Hilfe in einem Notfall? Es ist immer jemand aus unserem Team bereit, Ihnen zu helfen.     <br>Es gibt auch gen\u00fcgend Platz f\u00fcr die sichere Aufbewahrung von pers\u00f6nlichen Gegenst\u00e4nden und Accessoires. Fragen Sie nach den M\u00f6glichkeiten. <\/p><ul><li> <\/li><\/ul>\t\t\t\t\t\t\t\t<\/div>\n\t\t\t\t<\/div>\n\t\t\t\t\t<\/div>\n\t\t\t\t<\/div>\n\t\t\t\t\t<\/div>\n\t\t<\/div>\n\t\t\t\t\t<\/div>\n\t\t<\/section>\n\t\t<div class=\"has_eae_slider elementor-element elementor-element-501627c e-grid e-con-boxed e-con e-parent\" data-eae-slider=\"621\" data-id=\"501627c\" data-element_type=\"container\">\n\t\t\t\t\t<div class=\"e-con-inner\">\n\t\t\t\t<div class=\"elementor-element elementor-element-1c4f730 elementor-widget elementor-widget-image\" data-id=\"1c4f730\" data-element_type=\"widget\" data-widget_type=\"image.default\">\n\t\t\t\t<div class=\"elementor-widget-container\">\n\t\t\t\t\t\t\t\t\t\t\t\t\t\t\t<img fetchpriority=\"high\" decoding=\"async\" width=\"640\" height=\"375\" src=\"https:\/\/exstoso.com\/wp-content\/uploads\/2024\/06\/Tent-opzetten-1024x600.png\" class=\"attachment-large size-large wp-image-2289\" alt=\"\" srcset=\"https:\/\/exstoso.com\/wp-content\/uploads\/2024\/06\/Tent-opzetten-1024x600.png 1024w, https:\/\/exstoso.com\/wp-content\/uploads\/2024\/06\/Tent-opzetten-300x176.png 300w, https:\/\/exstoso.com\/wp-content\/uploads\/2024\/06\/Tent-opzetten-768x450.png 768w, https:\/\/exstoso.com\/wp-content\/uploads\/2024\/06\/Tent-opzetten.png 1240w\" sizes=\"(max-width: 640px) 100vw, 640px\" \/>\t\t\t\t\t\t\t\t\t\t\t\t\t\t\t<\/div>\n\t\t\t\t<\/div>\n\t\t\t\t<div class=\"elementor-element elementor-element-cbce1e1 elementor-widget elementor-widget-text-editor\" data-id=\"cbce1e1\" data-element_type=\"widget\" data-widget_type=\"text-editor.default\">\n\t\t\t\t<div class=\"elementor-widget-container\">\n\t\t\t\t\t\t\t\t\t<h3><strong>Unsere Dienstleistungen im \u00dcberblick:<\/strong><\/h3><ul><li><strong>Reparatur:<\/strong> Wir reinigen und reparieren alle Arten von Fahrzeugen, sei es Ihr Wohnwagen, Boot, Jetski oder Motorrad. Von kleinen Arbeiten bis hin zu Reparaturen an (nennen Sie es), wir l\u00f6sen es f\u00fcr Sie. <\/li><li><strong>Reifenservice:<\/strong> Wir pr\u00fcfen Ihren Reifendruck, montieren neue Reifen und sorgen daf\u00fcr, dass Ihr Wohnwagen oder anderes Fahrzeug sicher auf der Stra\u00dfe ist.<\/li><li><strong>Innen-\/Au\u00dfenreinigung:<\/strong> Wir reinigen sowohl das Innere als auch das \u00c4u\u00dfere Ihres Wohnwagens mit Sorgfalt und Pr\u00e4zision. So k\u00f6nnen Sie einen sauberen und frischen Wohnwagen in vollen Z\u00fcgen genie\u00dfen. <\/li><li><strong>Reinigung der Kissen, der Plane und des Zeltes:<\/strong> Wir reinigen auch Ihre Kissen, die Plane und das Zelt, damit Sie immer in einer hygienischen Umgebung schlafen und campen k\u00f6nnen. Dies geschieht in einer professionellen Spezialw\u00e4scherei f\u00fcr optimale Ergebnisse. <\/li><li><strong>Markisenreinigung-Impr\u00e4gnierung:<\/strong> Wir reinigen und impr\u00e4gnieren Ihre Markise, um sie vor Schmutz, Wasser und UV-Strahlen zu sch\u00fctzen.<\/li><li><strong>Wachsen:<\/strong> Nachdem wir Ihren Wohnwagen oder Ihr Boot gereinigt haben, empfehlen wir Ihnen au\u00dferdem, Ihren Wohnwagen oder Ihr Boot zu wachsen, um den Glanz zu erhalten und den Lack vor Witterungseinfl\u00fcssen zu sch\u00fctzen.<\/li><li><strong>Inspektion:<\/strong> Wir pr\u00fcfen Ihren Wohnwagen gr\u00fcndlich auf technische M\u00e4ngel und Sicherheitsrisiken. So k\u00f6nnen Sie unbesorgt losfahren. <\/li><li><strong>Inspektion der Propangasanlage:<\/strong> Wir \u00fcberpr\u00fcfen Ihre Propangasanlage auf Lecks und stellen sicher, dass sie sicher verwendet werden kann.<\/li><\/ul>\t\t\t\t\t\t\t\t<\/div>\n\t\t\t\t<\/div>\n\t\t\t\t\t<\/div>\n\t\t\t\t<\/div>\n\t\t\t\t\t<\/div>\n\t\t<\/div>\n\t\t\t\t\t<\/div>\n\t\t<\/section>\n\t\t\t\t<\/div>\n\t\t","protected":false},"excerpt":{"rendered":"<p>Service Transport &#8211; Transfers &#8211; Reinigung &#8211; Reparatur &#8211; Wartung &#8211; Vermietung Mehr als nur ein Wohnwagenpark: Ihr kompletter Servicepartner an der Costa Brava! Ob Sie eine kleine Reparatur ben\u00f6tigen, Ihr Fahrzeug, Ihr Zelt oder Ihre Polster bei Exstoso reinigen lassen m\u00f6chten, bei uns sind Sie an der richtigen Adresse. Wir haben viel Erfahrung mit [&hellip;]<\/p>\n","protected":false},"author":1,"featured_media":0,"parent":0,"menu_order":0,"comment_status":"closed","ping_status":"closed","template":"elementor_header_footer","meta":{"_acf_changed":false,"footnotes":""},"class_list":["post-2564","page","type-page","status-publish","hentry"],"acf":[],"yoast_head":"<!-- This site is optimized with the Yoast SEO plugin v27.2 - https:\/\/yoast.com\/product\/yoast-seo-wordpress\/ -->\n<title>Service - Exstoso<\/title>\n<meta name=\"robots\" content=\"index, follow, max-snippet:-1, max-image-preview:large, max-video-preview:-1\" \/>\n<link rel=\"canonical\" href=\"https:\/\/exstoso.com\/de\/service\/\" \/>\n<meta property=\"og:locale\" content=\"de_DE\" \/>\n<meta property=\"og:type\" content=\"article\" \/>\n<meta property=\"og:title\" content=\"Service - Exstoso\" \/>\n<meta property=\"og:description\" content=\"Service Transport &#8211; Transfers &#8211; Reinigung &#8211; Reparatur &#8211; Wartung &#8211; Vermietung Mehr als nur ein Wohnwagenpark: Ihr kompletter Servicepartner an der Costa Brava! Ob Sie eine kleine Reparatur ben\u00f6tigen, Ihr Fahrzeug, Ihr Zelt oder Ihre Polster bei Exstoso reinigen lassen m\u00f6chten, bei uns sind Sie an der richtigen Adresse. Wir haben viel Erfahrung mit [&hellip;]\" \/>\n<meta property=\"og:url\" content=\"https:\/\/exstoso.com\/de\/service\/\" \/>\n<meta property=\"og:site_name\" content=\"Exstoso\" \/>\n<meta property=\"article:modified_time\" content=\"2025-03-27T10:45:01+00:00\" \/>\n<meta property=\"og:image\" content=\"https:\/\/exstoso.com\/wp-content\/uploads\/2024\/06\/Tent-opzetten.png\" \/>\n\t<meta property=\"og:image:width\" content=\"1240\" \/>\n\t<meta property=\"og:image:height\" content=\"726\" \/>\n\t<meta property=\"og:image:type\" content=\"image\/png\" \/>\n<meta name=\"twitter:card\" content=\"summary_large_image\" \/>\n<meta name=\"twitter:label1\" content=\"Gesch\u00e4tzte Lesezeit\" \/>\n\t<meta name=\"twitter:data1\" content=\"3\u00a0Minuten\" \/>\n<script type=\"application\/ld+json\" class=\"yoast-schema-graph\">{\"@context\":\"https:\/\/schema.org\",\"@graph\":[{\"@type\":\"WebPage\",\"@id\":\"https:\/\/exstoso.com\/de\/service\/\",\"url\":\"https:\/\/exstoso.com\/de\/service\/\",\"name\":\"Service - Exstoso\",\"isPartOf\":{\"@id\":\"https:\/\/exstoso.com\/de\/#website\"},\"primaryImageOfPage\":{\"@id\":\"https:\/\/exstoso.com\/de\/service\/#primaryimage\"},\"image\":{\"@id\":\"https:\/\/exstoso.com\/de\/service\/#primaryimage\"},\"thumbnailUrl\":\"https:\/\/exstoso.com\/wp-content\/uploads\/2024\/06\/Tent-opzetten-1024x600.png\",\"datePublished\":\"2023-01-25T06:11:19+00:00\",\"dateModified\":\"2025-03-27T10:45:01+00:00\",\"breadcrumb\":{\"@id\":\"https:\/\/exstoso.com\/de\/service\/#breadcrumb\"},\"inLanguage\":\"de\",\"potentialAction\":[{\"@type\":\"ReadAction\",\"target\":[\"https:\/\/exstoso.com\/de\/service\/\"]}]},{\"@type\":\"ImageObject\",\"inLanguage\":\"de\",\"@id\":\"https:\/\/exstoso.com\/de\/service\/#primaryimage\",\"url\":\"https:\/\/exstoso.com\/wp-content\/uploads\/2024\/06\/Tent-opzetten-1024x600.png\",\"contentUrl\":\"https:\/\/exstoso.com\/wp-content\/uploads\/2024\/06\/Tent-opzetten-1024x600.png\"},{\"@type\":\"BreadcrumbList\",\"@id\":\"https:\/\/exstoso.com\/de\/service\/#breadcrumb\",\"itemListElement\":[{\"@type\":\"ListItem\",\"position\":1,\"name\":\"Home\",\"item\":\"https:\/\/exstoso.com\/de\/\"},{\"@type\":\"ListItem\",\"position\":2,\"name\":\"Service\"}]},{\"@type\":\"WebSite\",\"@id\":\"https:\/\/exstoso.com\/de\/#website\",\"url\":\"https:\/\/exstoso.com\/de\/\",\"name\":\"Exstoso\",\"description\":\"Camperplaatsen &amp; caravanstalling\",\"publisher\":{\"@id\":\"https:\/\/exstoso.com\/de\/#organization\"},\"potentialAction\":[{\"@type\":\"SearchAction\",\"target\":{\"@type\":\"EntryPoint\",\"urlTemplate\":\"https:\/\/exstoso.com\/de\/?s={search_term_string}\"},\"query-input\":{\"@type\":\"PropertyValueSpecification\",\"valueRequired\":true,\"valueName\":\"search_term_string\"}}],\"inLanguage\":\"de\"},{\"@type\":\"Organization\",\"@id\":\"https:\/\/exstoso.com\/de\/#organization\",\"name\":\"Exstoso\",\"url\":\"https:\/\/exstoso.com\/de\/\",\"logo\":{\"@type\":\"ImageObject\",\"inLanguage\":\"de\",\"@id\":\"https:\/\/exstoso.com\/de\/#\/schema\/logo\/image\/\",\"url\":\"https:\/\/exstoso.com\/wp-content\/uploads\/2024\/06\/Exstoso-logo.png\",\"contentUrl\":\"https:\/\/exstoso.com\/wp-content\/uploads\/2024\/06\/Exstoso-logo.png\",\"width\":810,\"height\":491,\"caption\":\"Exstoso\"},\"image\":{\"@id\":\"https:\/\/exstoso.com\/de\/#\/schema\/logo\/image\/\"}}]}<\/script>\n<!-- \/ Yoast SEO plugin. -->","yoast_head_json":{"title":"Service - Exstoso","robots":{"index":"index","follow":"follow","max-snippet":"max-snippet:-1","max-image-preview":"max-image-preview:large","max-video-preview":"max-video-preview:-1"},"canonical":"https:\/\/exstoso.com\/de\/service\/","og_locale":"de_DE","og_type":"article","og_title":"Service - Exstoso","og_description":"Service Transport &#8211; Transfers &#8211; Reinigung &#8211; Reparatur &#8211; Wartung &#8211; Vermietung Mehr als nur ein Wohnwagenpark: Ihr kompletter Servicepartner an der Costa Brava! Ob Sie eine kleine Reparatur ben\u00f6tigen, Ihr Fahrzeug, Ihr Zelt oder Ihre Polster bei Exstoso reinigen lassen m\u00f6chten, bei uns sind Sie an der richtigen Adresse. Wir haben viel Erfahrung mit [&hellip;]","og_url":"https:\/\/exstoso.com\/de\/service\/","og_site_name":"Exstoso","article_modified_time":"2025-03-27T10:45:01+00:00","og_image":[{"width":1240,"height":726,"url":"https:\/\/exstoso.com\/wp-content\/uploads\/2024\/06\/Tent-opzetten.png","type":"image\/png"}],"twitter_card":"summary_large_image","twitter_misc":{"Gesch\u00e4tzte Lesezeit":"3\u00a0Minuten"},"schema":{"@context":"https:\/\/schema.org","@graph":[{"@type":"WebPage","@id":"https:\/\/exstoso.com\/de\/service\/","url":"https:\/\/exstoso.com\/de\/service\/","name":"Service - Exstoso","isPartOf":{"@id":"https:\/\/exstoso.com\/de\/#website"},"primaryImageOfPage":{"@id":"https:\/\/exstoso.com\/de\/service\/#primaryimage"},"image":{"@id":"https:\/\/exstoso.com\/de\/service\/#primaryimage"},"thumbnailUrl":"https:\/\/exstoso.com\/wp-content\/uploads\/2024\/06\/Tent-opzetten-1024x600.png","datePublished":"2023-01-25T06:11:19+00:00","dateModified":"2025-03-27T10:45:01+00:00","breadcrumb":{"@id":"https:\/\/exstoso.com\/de\/service\/#breadcrumb"},"inLanguage":"de","potentialAction":[{"@type":"ReadAction","target":["https:\/\/exstoso.com\/de\/service\/"]}]},{"@type":"ImageObject","inLanguage":"de","@id":"https:\/\/exstoso.com\/de\/service\/#primaryimage","url":"https:\/\/exstoso.com\/wp-content\/uploads\/2024\/06\/Tent-opzetten-1024x600.png","contentUrl":"https:\/\/exstoso.com\/wp-content\/uploads\/2024\/06\/Tent-opzetten-1024x600.png"},{"@type":"BreadcrumbList","@id":"https:\/\/exstoso.com\/de\/service\/#breadcrumb","itemListElement":[{"@type":"ListItem","position":1,"name":"Home","item":"https:\/\/exstoso.com\/de\/"},{"@type":"ListItem","position":2,"name":"Service"}]},{"@type":"WebSite","@id":"https:\/\/exstoso.com\/de\/#website","url":"https:\/\/exstoso.com\/de\/","name":"Exstoso","description":"Camperplaatsen &amp; caravanstalling","publisher":{"@id":"https:\/\/exstoso.com\/de\/#organization"},"potentialAction":[{"@type":"SearchAction","target":{"@type":"EntryPoint","urlTemplate":"https:\/\/exstoso.com\/de\/?s={search_term_string}"},"query-input":{"@type":"PropertyValueSpecification","valueRequired":true,"valueName":"search_term_string"}}],"inLanguage":"de"},{"@type":"Organization","@id":"https:\/\/exstoso.com\/de\/#organization","name":"Exstoso","url":"https:\/\/exstoso.com\/de\/","logo":{"@type":"ImageObject","inLanguage":"de","@id":"https:\/\/exstoso.com\/de\/#\/schema\/logo\/image\/","url":"https:\/\/exstoso.com\/wp-content\/uploads\/2024\/06\/Exstoso-logo.png","contentUrl":"https:\/\/exstoso.com\/wp-content\/uploads\/2024\/06\/Exstoso-logo.png","width":810,"height":491,"caption":"Exstoso"},"image":{"@id":"https:\/\/exstoso.com\/de\/#\/schema\/logo\/image\/"}}]}},"_links":{"self":[{"href":"https:\/\/exstoso.com\/de\/wp-json\/wp\/v2\/pages\/2564","targetHints":{"allow":["GET"]}}],"collection":[{"href":"https:\/\/exstoso.com\/de\/wp-json\/wp\/v2\/pages"}],"about":[{"href":"https:\/\/exstoso.com\/de\/wp-json\/wp\/v2\/types\/page"}],"author":[{"embeddable":true,"href":"https:\/\/exstoso.com\/de\/wp-json\/wp\/v2\/users\/1"}],"replies":[{"embeddable":true,"href":"https:\/\/exstoso.com\/de\/wp-json\/wp\/v2\/comments?post=2564"}],"version-history":[{"count":1,"href":"https:\/\/exstoso.com\/de\/wp-json\/wp\/v2\/pages\/2564\/revisions"}],"predecessor-version":[{"id":2565,"href":"https:\/\/exstoso.com\/de\/wp-json\/wp\/v2\/pages\/2564\/revisions\/2565"}],"wp:attachment":[{"href":"https:\/\/exstoso.com\/de\/wp-json\/wp\/v2\/media?parent=2564"}],"curies":[{"name":"wp","href":"https:\/\/api.w.org\/{rel}","templated":true}]}}